{"id":2433,"date":"2025-06-23T09:32:53","date_gmt":"2025-06-23T07:32:53","guid":{"rendered":"https:\/\/www.cubelab.cz\/jak-vznikaji-vase-3d-tistene-vyrobky\/"},"modified":"2025-07-17T21:24:48","modified_gmt":"2025-07-17T19:24:48","slug":"wie-ihr-3d-gedrucktes-produkt-entsteht","status":"publish","type":"page","link":"https:\/\/www.cubelab.cz\/de\/wie-ihr-3d-gedrucktes-produkt-entsteht\/","title":{"rendered":"Wie Ihr 3D-Druckprodukt erstellt wurde"},"content":{"rendered":"<p>[et_pb_section fb_built=&#8220;1&#8243; admin_label=&#8220;section&#8220; _builder_version=&#8220;4.27.4&#8243; custom_padding=&#8220;3em||6em||false|false&#8220; global_colors_info=&#8220;{}&#8220;][et_pb_row admin_label=&#8220;Zeile&#8220; _builder_version=&#8220;4.27.4&#8243; background_size=&#8220;initial&#8220; background_position=&#8220;top_left&#8220; background_repeat=&#8220;repeat&#8220; custom_margin=&#8220;0px||0px||true|false&#8220; custom_padding=&#8220;0px||1em||false|false&#8220; global_colors_info=&#8220;{}&#8220;][et_pb_column type=&#8220;4_4&#8243; _builder_version=&#8220;4.16&#8243; custom_padding=&#8220;|||&#8220; global_colors_info=&#8220;{}&#8220; custom_padding__hover=&#8220;|||&#8220;][et_pb_text admin_label=&#8220;Text&#8220; _builder_version=&#8220;4.27.4&#8243; text_font_size=&#8220;20px&#8220; text_line_height=&#8220;1.5em&#8220; link_text_color=&#8220;#0fd8fc&#8220; background_size=&#8220;initial&#8220; background_position=&#8220;top_left&#8220; background_repeat=&#8220;repeat&#8220; hover_enabled=&#8220;0&#8243; global_colors_info=&#8220;{}&#8220; sticky_enabled=&#8220;0&#8243;]<\/p>\n<p>\u00dcbersetzung <a href=\"\/en\/how-your-3d-printed-product-is-made\">English<\/a> \/ <a href=\"\/jak-vznikaji-vase-3d-tistene-vyrobky\" title=\"wie ihr 3d-gedrucktes Produkt entsteht\">Czech<\/a><\/p>\n<p>[\/et_pb_text][\/et_pb_column][\/et_pb_row][et_pb_row admin_label=&#8220;Zeile&#8220; _builder_version=&#8220;4.16&#8243; background_size=&#8220;initial&#8220; background_position=&#8220;top_left&#8220; background_repeat=&#8220;repeat&#8220; min_height=&#8220;140px&#8220; global_colors_info=&#8220;{}&#8220;][et_pb_column type=&#8220;4_4&#8243; _builder_version=&#8220;4.16&#8243; custom_padding=&#8220;|||&#8220; global_colors_info=&#8220;{}&#8220; custom_padding__hover=&#8220;|||&#8220;][et_pb_text admin_label=&#8220;Text&#8220; _builder_version=&#8220;4.27.4&#8243; text_font_size=&#8220;20px&#8220; text_line_height=&#8220;1.5em&#8220; background_size=&#8220;initial&#8220; background_position=&#8220;top_left&#8220; background_repeat=&#8220;repeat&#8220; global_colors_info=&#8220;{}&#8220;]<\/p>\n<h2>Danke, dass Sie lokale Kunst und 3D-Drucktechnologie unterst\u00fctzen.<\/h2>\n<p>Sie fragen sich, wie das St\u00fcck, das Sie in der Hand halten, in die Welt gekommen ist?<\/p>\n<p>[\/et_pb_text][\/et_pb_column][\/et_pb_row][et_pb_row column_structure=&#8220;1_4,1_4,1_4,1_4&#8243; use_custom_gutter=&#8220;on&#8220; gutter_width=&#8220;1&#8243; make_equal=&#8220;on&#8220; _builder_version=&#8220;4.27.4&#8243; _module_preset=&#8220;default&#8220; custom_margin=&#8220;50px|auto||auto||&#8220; custom_padding=&#8220;0px||0px||false|false&#8220; global_colors_info=&#8220;{}&#8220;][et_pb_column type=&#8220;1_4&#8243; _builder_version=&#8220;4.27.4&#8243; _module_preset=&#8220;default&#8220; global_colors_info=&#8220;{}&#8220;][et_pb_image src=&#8220;https:\/\/www.cubelab.cz\/wp-content\/uploads\/2025\/07\/3d-navrh-modelu-3d-modelovani.jpg&#8220; title_text=&#8220;3d-modell-entwurf-3d-modellierung&#8220; _builder_version=&#8220;4.27.4&#8243; _module_preset=&#8220;default&#8220; width=&#8220;80%&#8220; module_alignment=&#8220;center&#8220; global_colors_info=&#8220;{}&#8220;][\/et_pb_image][\/et_pb_column][et_pb_column type=&#8220;1_4&#8243; _builder_version=&#8220;4.27.4&#8243; _module_preset=&#8220;default&#8220; global_colors_info=&#8220;{}&#8220;][et_pb_text _builder_version=&#8220;4.27.4&#8243; _module_preset=&#8220;default&#8220; header_2_font_size=&#8220;20px&#8220; global_colors_info=&#8220;{}&#8220;]<\/p>\n<h2 id=\"navrh-a-uprava-modelu\">Entwurf und Modifizierung<\/h2>\n<p>[\/et_pb_text][et_pb_text _builder_version=&#8220;4.27.4&#8243; _module_preset=&#8220;default&#8220; header_2_font_size=&#8220;20px&#8220; global_colors_info=&#8220;{}&#8220;]<\/p>\n<p>Jedes Produkt beginnt mit einem digitalen 3D-Modell. Manchmal greifen wir auf historische oder architektonische Vorbilder zur\u00fcck, manchmal entwerfen wir ein Motiv von Grund auf neu.<\/p>\n<p>Wir modifizieren das Modell so, dass es sich ideal f\u00fcr den 3D-Druck eignet &#8211; wir achten auf Details, Stabilit\u00e4t und das Gesamtbild.<\/p>\n<p>[\/et_pb_text][\/et_pb_column][et_pb_column type=&#8220;1_4&#8243; _builder_version=&#8220;4.27.4&#8243; _module_preset=&#8220;default&#8220; global_colors_info=&#8220;{}&#8220;][et_pb_image src=&#8220;https:\/\/www.cubelab.cz\/wp-content\/uploads\/2025\/07\/prototypovani-3d-modelu-3d-tisk.jpg&#8220; title_text=&#8220;prototyping-3d-modell-3d-drucken&#8220; _builder_version=&#8220;4.27.4&#8243; _module_preset=&#8220;default&#8220; width=&#8220;80%&#8220; module_alignment=&#8220;center&#8220; global_colors_info=&#8220;{}&#8220;][\/et_pb_image][\/et_pb_column][et_pb_column type=&#8220;1_4&#8243; _builder_version=&#8220;4.27.4&#8243; _module_preset=&#8220;default&#8220; global_colors_info=&#8220;{}&#8220;][et_pb_text _builder_version=&#8220;4.27.4&#8243; _module_preset=&#8220;default&#8220; header_2_font_size=&#8220;20px&#8220; global_colors_info=&#8220;{}&#8220;]<\/p>\n<h2 class=\"wp-block-heading\" id=\"testovani-a-prototypovani\">Testen und Prototyping<\/h2>\n<p>[\/et_pb_text][et_pb_text _builder_version=&#8220;4.27.4&#8243; _module_preset=&#8220;default&#8220; header_2_font_size=&#8220;20px&#8220; global_colors_info=&#8220;{}&#8220;]<\/p>\n<p>Bevor die endg\u00fcltige Version erstellt wird, probieren wir verschiedene Druckvarianten aus.<\/p>\n<p>Jedes Produkt durchl\u00e4uft mehrere Tests und Prototypen, damit wir die beste Kombination aus Material, Aufbau und Aussehen finden k\u00f6nnen.<\/p>\n<p>Dies ist die Phase, in der wir jeden Millimeter feinjustieren.<\/p>\n<p>[\/et_pb_text][\/et_pb_column][\/et_pb_row][et_pb_row column_structure=&#8220;1_4,1_4,1_4,1_4&#8243; use_custom_gutter=&#8220;on&#8220; gutter_width=&#8220;1&#8243; make_equal=&#8220;on&#8220; _builder_version=&#8220;4.27.4&#8243; _module_preset=&#8220;default&#8220; custom_margin=&#8220;50px|auto||auto||&#8220; custom_padding=&#8220;0px||0px||false|false&#8220; global_colors_info=&#8220;{}&#8220;][et_pb_column type=&#8220;1_4&#8243; _builder_version=&#8220;4.27.4&#8243; _module_preset=&#8220;default&#8220; global_colors_info=&#8220;{}&#8220;][et_pb_image src=&#8220;https:\/\/www.cubelab.cz\/wp-content\/uploads\/2025\/07\/3d-tisk-na-zakazku-1.png&#8220; title_text=&#8220;3d-Drucken auf Anfrage&#8220; _builder_version=&#8220;4.27.4&#8243; _module_preset=&#8220;default&#8220; width=&#8220;80%&#8220; module_alignment=&#8220;center&#8220; global_colors_info=&#8220;{}&#8220;][\/et_pb_image][\/et_pb_column][et_pb_column type=&#8220;1_4&#8243; _builder_version=&#8220;4.27.4&#8243; _module_preset=&#8220;default&#8220; global_colors_info=&#8220;{}&#8220;][et_pb_text _builder_version=&#8220;4.27.4&#8243; _module_preset=&#8220;default&#8220; header_2_font_size=&#8220;20px&#8220; global_colors_info=&#8220;{}&#8220;]<\/p>\n<div class=\"wp-block-column\">\n<h2 class=\"wp-block-heading\" id=\"3d-tisk\">Pr\u00e4zisions-3D-Druck<\/h2>\n<\/div>\n<p>[\/et_pb_text][et_pb_text _builder_version=&#8220;4.27.4&#8243; _module_preset=&#8220;default&#8220; global_colors_info=&#8220;{}&#8220;]<\/p>\n<div class=\"wp-block-column\">\n<p>Nach der Genehmigung des Vorschlags folgt der eigentliche Druck. Wir verwenden sorgf\u00e4ltig ausgew\u00e4hlte Materialien, die f\u00fcr das Produkt und die Bedingungen, unter denen es verwendet wird, am besten geeignet sind (z.B. PLA &#8211; biologisch abbaubarer Kunststoff auf Basis von Maisst\u00e4rke).<\/p>\n<p>Der Druck kann je nach Komplexit\u00e4t zwischen einigen Stunden und einem ganzen Tag dauern.<\/p>\n<\/div>\n<div class=\"wp-block-column\">\n<h2 class=\"wp-block-heading\" id=\"cisteni-a-dokonceni\"><\/h2>\n<\/div>\n<p>[\/et_pb_text][\/et_pb_column][et_pb_column type=&#8220;1_4&#8243; _builder_version=&#8220;4.27.4&#8243; _module_preset=&#8220;default&#8220; global_colors_info=&#8220;{}&#8220;][et_pb_image src=&#8220;https:\/\/www.cubelab.cz\/wp-content\/uploads\/2025\/07\/cisteni-podper-3d-modelu.jpeg&#8220; title_text=&#8220;reinigungs-podper-3d-modell&#8220; _builder_version=&#8220;4.27.4&#8243; _module_preset=&#8220;default&#8220; width=&#8220;80%&#8220; module_alignment=&#8220;center&#8220; global_colors_info=&#8220;{}&#8220;][\/et_pb_image][\/et_pb_column][et_pb_column type=&#8220;1_4&#8243; _builder_version=&#8220;4.27.4&#8243; _module_preset=&#8220;default&#8220; global_colors_info=&#8220;{}&#8220;][et_pb_text _builder_version=&#8220;4.27.4&#8243; _module_preset=&#8220;default&#8220; header_2_font_size=&#8220;20px&#8220; global_colors_info=&#8220;{}&#8220;]<\/p>\n<h2 class=\"wp-block-heading\" id=\"cisteni-a-dokonceni\">Reinigung und Fertigstellung<\/h2>\n<p>[\/et_pb_text][et_pb_text _builder_version=&#8220;4.27.4&#8243; _module_preset=&#8220;default&#8220; global_colors_info=&#8220;{}&#8220;]<\/p>\n<p>Nach dem Druck m\u00fcssen die St\u00fctzstrukturen, die die Form w\u00e4hrend des Drucks beibehalten, entfernt werden.<\/p>\n<p>Anschlie\u00dfend wird das Modell von Hand gereinigt und gegebenenfalls geringf\u00fcgig angepasst, damit es sch\u00f6n sauber und bereit f\u00fcr die \u00dcbergabe ist.<\/p>\n<p>[\/et_pb_text][\/et_pb_column][\/et_pb_row][et_pb_row column_structure=&#8220;1_4,1_4,1_4,1_4&#8243; use_custom_gutter=&#8220;on&#8220; gutter_width=&#8220;1&#8243; make_equal=&#8220;on&#8220; _builder_version=&#8220;4.27.4&#8243; _module_preset=&#8220;default&#8220; custom_margin=&#8220;50px|auto||auto||&#8220; custom_padding=&#8220;0px||0px||false|false&#8220; global_colors_info=&#8220;{}&#8220;][et_pb_column type=&#8220;1_4&#8243; _builder_version=&#8220;4.27.4&#8243; _module_preset=&#8220;default&#8220; global_colors_info=&#8220;{}&#8220;][et_pb_image src=&#8220;https:\/\/www.cubelab.cz\/wp-content\/uploads\/2025\/07\/obal-3d-tisteneho-modelu.jpg&#8220; title_text=&#8220;wrapper-3d-tiste-model&#8220; _builder_version=&#8220;4.27.4&#8243; _module_preset=&#8220;default&#8220; width=&#8220;80%&#8220; module_alignment=&#8220;center&#8220; global_colors_info=&#8220;{}&#8220;][\/et_pb_image][\/et_pb_column][et_pb_column type=&#8220;1_4&#8243; _builder_version=&#8220;4.27.4&#8243; _module_preset=&#8220;default&#8220; global_colors_info=&#8220;{}&#8220;][et_pb_text _builder_version=&#8220;4.27.4&#8243; _module_preset=&#8220;default&#8220; header_2_font_size=&#8220;20px&#8220; global_colors_info=&#8220;{}&#8220;]<\/p>\n<h2 class=\"wp-block-heading\" id=\"cisteni-a-dokonceni\">Inspektion und Verpackung<\/h2>\n<p>[\/et_pb_text][et_pb_text _builder_version=&#8220;4.27.4&#8243; _module_preset=&#8220;default&#8220; global_colors_info=&#8220;{}&#8220;]<\/p>\n<p>Zum Schluss pr\u00fcfen wir jedes St\u00fcck und verpacken es von Hand.  <\/p>\n<p>Jetzt ist das 3D-gedruckte Souvenirprodukt bereit, zu Ihnen zu kommen.<\/p>\n<p>[\/et_pb_text][\/et_pb_column][et_pb_column type=&#8220;1_4&#8243; _builder_version=&#8220;4.27.4&#8243; _module_preset=&#8220;default&#8220; global_colors_info=&#8220;{}&#8220;][et_pb_image src=&#8220;https:\/\/www.cubelab.cz\/wp-content\/uploads\/2025\/07\/3d-tisk-brno-k-vam.jpeg&#8220; title_text=&#8220;3d-drucken-schwarz-zu-sie&#8220; _builder_version=&#8220;4.27.4&#8243; _module_preset=&#8220;default&#8220; width=&#8220;80%&#8220; module_alignment=&#8220;center&#8220; global_colors_info=&#8220;{}&#8220;][\/et_pb_image][\/et_pb_column][et_pb_column type=&#8220;1_4&#8243; _builder_version=&#8220;4.27.4&#8243; _module_preset=&#8220;default&#8220; global_colors_info=&#8220;{}&#8220;][et_pb_text _builder_version=&#8220;4.27.4&#8243; _module_preset=&#8220;default&#8220; header_2_font_size=&#8220;20px&#8220; global_colors_info=&#8220;{}&#8220;]<\/p>\n<h2>Danke, dass Sie innovativem kreativen Handwerk und lokaler Kunst eine Chance geben.<\/h2>\n<p class=\"p3\">Ihre Unterst\u00fctzung tr\u00e4gt zur Entwicklung einer nachhaltigen Wirtschaft und Kreativit\u00e4t in unserer Region bei.<\/p>\n<p class=\"p3\">Weitere Geschichten und Produkte finden Sie unter <a href=\"https:\/\/www.cubelab.cz\/de\/\">www.cubelab.cz<\/a><\/p>\n<p>[\/et_pb_text][\/et_pb_column][\/et_pb_row][\/et_pb_section]<\/p>\n","protected":false},"excerpt":{"rendered":"<p>\u00dcbersetzung English \/ CzechDanke, dass Sie lokale Kunst und 3D-Drucktechnologie unterst\u00fctzen. Sie fragen sich, wie das St\u00fcck, das Sie in der Hand halten, in die Welt gekommen ist?Entwurf und ModifizierungJedes Produkt beginnt mit einem digitalen 3D-Modell. Manchmal greifen wir auf historische oder architektonische Vorbilder zur\u00fcck, manchmal entwerfen wir ein Motiv von Grund auf neu. Wir [&hellip;]<\/p>\n","protected":false},"author":1,"featured_media":0,"parent":0,"menu_order":19,"comment_status":"closed","ping_status":"closed","template":"","meta":{"_et_pb_use_builder":"on","_et_pb_old_content":"","_et_gb_content_width":"","footnotes":""},"class_list":["post-2433","page","type-page","status-publish","hentry"],"aioseo_notices":[],"_links":{"self":[{"href":"https:\/\/www.cubelab.cz\/de\/wp-json\/wp\/v2\/pages\/2433","targetHints":{"allow":["GET"]}}],"collection":[{"href":"https:\/\/www.cubelab.cz\/de\/wp-json\/wp\/v2\/pages"}],"about":[{"href":"https:\/\/www.cubelab.cz\/de\/wp-json\/wp\/v2\/types\/page"}],"author":[{"embeddable":true,"href":"https:\/\/www.cubelab.cz\/de\/wp-json\/wp\/v2\/users\/1"}],"replies":[{"embeddable":true,"href":"https:\/\/www.cubelab.cz\/de\/wp-json\/wp\/v2\/comments?post=2433"}],"version-history":[{"count":11,"href":"https:\/\/www.cubelab.cz\/de\/wp-json\/wp\/v2\/pages\/2433\/revisions"}],"predecessor-version":[{"id":2459,"href":"https:\/\/www.cubelab.cz\/de\/wp-json\/wp\/v2\/pages\/2433\/revisions\/2459"}],"wp:attachment":[{"href":"https:\/\/www.cubelab.cz\/de\/wp-json\/wp\/v2\/media?parent=2433"}],"curies":[{"name":"wp","href":"https:\/\/api.w.org\/{rel}","templated":true}]}}